{"id":224,"date":"2020-05-13T21:44:00","date_gmt":"2020-05-13T21:44:00","guid":{"rendered":"http:\/\/studiogrigoletto.com\/?page_id=224"},"modified":"2024-09-27T21:32:30","modified_gmt":"2024-09-27T21:32:30","slug":"sicurezza-cantieri","status":"publish","type":"page","link":"https:\/\/studiogrigoletto.com\/?page_id=224","title":{"rendered":"SICUREZZA CANTIERI"},"content":{"rendered":"\n<div style=\"height:20px\" aria-hidden=\"true\" class=\"wp-block-spacer\"><\/div>\n\n\n\n<div class=\"wp-block-media-text alignwide is-stacked-on-mobile\" style=\"grid-template-columns:31% auto\"><figure class=\"wp-block-media-text__media\"><img loading=\"lazy\" decoding=\"async\" width=\"772\" height=\"711\" src=\"http:\/\/studiogrigoletto.com\/wp-content\/uploads\/2020\/05\/SICUREZZA-CANTIERI-OK.jpg\" alt=\"sicurezza cantieri studio tecnico grigoletto\" class=\"wp-image-289\" srcset=\"https:\/\/studiogrigoletto.com\/wp-content\/uploads\/2020\/05\/SICUREZZA-CANTIERI-OK.jpg 772w, https:\/\/studiogrigoletto.com\/wp-content\/uploads\/2020\/05\/SICUREZZA-CANTIERI-OK-300x276.jpg 300w, https:\/\/studiogrigoletto.com\/wp-content\/uploads\/2020\/05\/SICUREZZA-CANTIERI-OK-768x707.jpg 768w\" sizes=\"(max-width: 772px) 100vw, 772px\" \/><\/figure><div class=\"wp-block-media-text__content\">\n<div class=\"wp-block-group has-very-dark-gray-color has-text-color\"><div class=\"wp-block-group__inner-container is-layout-flow wp-block-group-is-layout-flow\">\n<p>Qualora in un cantiere di una certa rilevanza, sia prevista la presenza, anche non contemporanea, di due o pi\u00f9 imprese, si rende necessario redigere un Piano di Sicurezza e Coordinamento (PSC) con il relativo Fascicolo Tecnico dell\u2019Opera.<\/p>\n\n\n\n<p>Lo Studio Tecnico Grigoletto, solo per i cantieri dove \u00e8 gi\u00e0 presente con un incarico di Progettazione o di Direzione Lavori, \u00e8 in grado di redigere il piano di Sicurezza e di Coordinamento ( PSC ) con il Relativo Fascicolo Tecnico Dell\u2019Opera.<\/p>\n\n\n\n<p>Lo Studio Tecnico Grigoletto coordina le attivit\u00e0 durante la realizzazione dell\u2019opera, e prima dell\u2019inizio delle attivit\u00e0 verifica la rispondenza dei Piano Operativo di Sicurezza redatto dalle Imprese operanti in cantiere, in quanto prescritto dal PSC. Il POS \u00e8 il documento tecnico con il quale l\u2019Impresa esecutrice descrive nel dettaglio le attivit\u00e0 che andr\u00e0 a svolgere in cantiere, con particolare riguardo alla gestione delle emergenze e ai rischi connessi con le lavorazioni e le relative misure di prevenzione e protezione.<\/p>\n<\/div><\/div>\n<\/div><\/div>\n\n\n\n<div class=\"wp-block-group has-very-dark-gray-color has-text-color\"><div class=\"wp-block-group__inner-container is-layout-flow wp-block-group-is-layout-flow\">\n<p>Nel POS devono essere analizzate tutte le fasi lavorative, dall\u2019accantieramento alla smobilitazione, compresi gli aspetti logistici.<\/p>\n\n\n\n<p>Durante il normale svolgersi del cantiere, il CSE coordina le fasi lavorative mediante specifiche riunioni con le Imprese ed effettuando sopralluoghi in cantiere per verificare le condizioni di tutela della salute e della sicurezza dei lavoratori, anche nell\u2019 aggiornamento temporale \/ continuo del Piano Operativo di Sicurezza ( PSC ).<\/p>\n\n\n\n<p>La gestione della sicurezza nei cantieri \u00e8 interamente eseguita all\u2019interno del Ns. studio tecnico, o&nbsp; in stretta collaborazione, ove necessario, con professionisti di fiducia, dal curriculum pluridecennale, specializzati in specifici settori tecnico-scientifici<\/p>\n<\/div><\/div>\n\n\n\n<div style=\"height:250px\" aria-hidden=\"true\" class=\"wp-block-spacer\"><\/div>\n","protected":false},"excerpt":{"rendered":"<p>Nel POS devono essere analizzate tutte le fasi lavorative, dall\u2019accantieramento alla smobilitazione, compresi gli aspetti logistici. Durante il normale svolgersi del cantiere, il CSE coordina le fasi lavorative mediante specifiche &#8230;<\/p>\n","protected":false},"author":1,"featured_media":0,"parent":0,"menu_order":0,"comment_status":"closed","ping_status":"closed","template":"","meta":{"footnotes":""},"class_list":["post-224","page","type-page","status-publish","hentry"],"yoast_head":"<!-- This site is optimized with the Yoast SEO plugin v23.5 - https:\/\/yoast.com\/wordpress\/plugins\/seo\/ -->\n<title>SICUREZZA CANTIERI - Studio Tecnico Grigoletto<\/title>\n<meta name=\"robots\" content=\"index, follow, max-snippet:-1, max-image-preview:large, max-video-preview:-1\" \/>\n<link rel=\"canonical\" href=\"https:\/\/studiogrigoletto.com\/?page_id=224\" \/>\n<meta property=\"og:locale\" content=\"it_IT\" \/>\n<meta property=\"og:type\" content=\"article\" \/>\n<meta property=\"og:title\" content=\"SICUREZZA CANTIERI - Studio Tecnico Grigoletto\" \/>\n<meta property=\"og:description\" content=\"Nel POS devono essere analizzate tutte le fasi lavorative, dall\u2019accantieramento alla smobilitazione, compresi gli aspetti logistici. Durante il normale svolgersi del cantiere, il CSE coordina le fasi lavorative mediante specifiche ...\" \/>\n<meta property=\"og:url\" content=\"https:\/\/studiogrigoletto.com\/?page_id=224\" \/>\n<meta property=\"og:site_name\" content=\"Studio Tecnico Grigoletto\" \/>\n<meta property=\"article:modified_time\" content=\"2024-09-27T21:32:30+00:00\" \/>\n<meta property=\"og:image\" content=\"http:\/\/studiogrigoletto.com\/wp-content\/uploads\/2020\/05\/SICUREZZA-CANTIERI-OK.jpg\" \/>\n<meta name=\"twitter:card\" content=\"summary_large_image\" \/>\n<meta name=\"twitter:label1\" content=\"Tempo di lettura stimato\" \/>\n\t<meta name=\"twitter:data1\" content=\"2 minuti\" \/>\n<script type=\"application\/ld+json\" class=\"yoast-schema-graph\">{\"@context\":\"https:\/\/schema.org\",\"@graph\":[{\"@type\":\"WebPage\",\"@id\":\"https:\/\/studiogrigoletto.com\/?page_id=224\",\"url\":\"https:\/\/studiogrigoletto.com\/?page_id=224\",\"name\":\"SICUREZZA CANTIERI - Studio Tecnico Grigoletto\",\"isPartOf\":{\"@id\":\"https:\/\/studiogrigoletto.com\/#website\"},\"primaryImageOfPage\":{\"@id\":\"https:\/\/studiogrigoletto.com\/?page_id=224#primaryimage\"},\"image\":{\"@id\":\"https:\/\/studiogrigoletto.com\/?page_id=224#primaryimage\"},\"thumbnailUrl\":\"http:\/\/studiogrigoletto.com\/wp-content\/uploads\/2020\/05\/SICUREZZA-CANTIERI-OK.jpg\",\"datePublished\":\"2020-05-13T21:44:00+00:00\",\"dateModified\":\"2024-09-27T21:32:30+00:00\",\"breadcrumb\":{\"@id\":\"https:\/\/studiogrigoletto.com\/?page_id=224#breadcrumb\"},\"inLanguage\":\"it-IT\",\"potentialAction\":[{\"@type\":\"ReadAction\",\"target\":[\"https:\/\/studiogrigoletto.com\/?page_id=224\"]}]},{\"@type\":\"ImageObject\",\"inLanguage\":\"it-IT\",\"@id\":\"https:\/\/studiogrigoletto.com\/?page_id=224#primaryimage\",\"url\":\"https:\/\/studiogrigoletto.com\/wp-content\/uploads\/2020\/05\/SICUREZZA-CANTIERI-OK.jpg\",\"contentUrl\":\"https:\/\/studiogrigoletto.com\/wp-content\/uploads\/2020\/05\/SICUREZZA-CANTIERI-OK.jpg\",\"width\":772,\"height\":711,\"caption\":\"sicurezza cantieri studio tecnico grigoletto\"},{\"@type\":\"BreadcrumbList\",\"@id\":\"https:\/\/studiogrigoletto.com\/?page_id=224#breadcrumb\",\"itemListElement\":[{\"@type\":\"ListItem\",\"position\":1,\"name\":\"Home\",\"item\":\"https:\/\/studiogrigoletto.com\/\"},{\"@type\":\"ListItem\",\"position\":2,\"name\":\"SICUREZZA CANTIERI\"}]},{\"@type\":\"WebSite\",\"@id\":\"https:\/\/studiogrigoletto.com\/#website\",\"url\":\"https:\/\/studiogrigoletto.com\/\",\"name\":\"Studio Tecnico Grigoletto\",\"description\":\"\",\"publisher\":{\"@id\":\"https:\/\/studiogrigoletto.com\/#organization\"},\"potentialAction\":[{\"@type\":\"SearchAction\",\"target\":{\"@type\":\"EntryPoint\",\"urlTemplate\":\"https:\/\/studiogrigoletto.com\/?s={search_term_string}\"},\"query-input\":{\"@type\":\"PropertyValueSpecification\",\"valueRequired\":true,\"valueName\":\"search_term_string\"}}],\"inLanguage\":\"it-IT\"},{\"@type\":\"Organization\",\"@id\":\"https:\/\/studiogrigoletto.com\/#organization\",\"name\":\"Studio Tecnico Grigoletto\",\"url\":\"https:\/\/studiogrigoletto.com\/\",\"logo\":{\"@type\":\"ImageObject\",\"inLanguage\":\"it-IT\",\"@id\":\"https:\/\/studiogrigoletto.com\/#\/schema\/logo\/image\/\",\"url\":\"https:\/\/studiogrigoletto.com\/wp-content\/uploads\/2020\/05\/cropped-NUOVO-LOGO-2.jpg\",\"contentUrl\":\"https:\/\/studiogrigoletto.com\/wp-content\/uploads\/2020\/05\/cropped-NUOVO-LOGO-2.jpg\",\"width\":1033,\"height\":216,\"caption\":\"Studio Tecnico Grigoletto\"},\"image\":{\"@id\":\"https:\/\/studiogrigoletto.com\/#\/schema\/logo\/image\/\"}}]}<\/script>\n<!-- \/ Yoast SEO plugin. -->","yoast_head_json":{"title":"SICUREZZA CANTIERI - Studio Tecnico Grigoletto","robots":{"index":"index","follow":"follow","max-snippet":"max-snippet:-1","max-image-preview":"max-image-preview:large","max-video-preview":"max-video-preview:-1"},"canonical":"https:\/\/studiogrigoletto.com\/?page_id=224","og_locale":"it_IT","og_type":"article","og_title":"SICUREZZA CANTIERI - Studio Tecnico Grigoletto","og_description":"Nel POS devono essere analizzate tutte le fasi lavorative, dall\u2019accantieramento alla smobilitazione, compresi gli aspetti logistici. Durante il normale svolgersi del cantiere, il CSE coordina le fasi lavorative mediante specifiche ...","og_url":"https:\/\/studiogrigoletto.com\/?page_id=224","og_site_name":"Studio Tecnico Grigoletto","article_modified_time":"2024-09-27T21:32:30+00:00","og_image":[{"url":"http:\/\/studiogrigoletto.com\/wp-content\/uploads\/2020\/05\/SICUREZZA-CANTIERI-OK.jpg"}],"twitter_card":"summary_large_image","twitter_misc":{"Tempo di lettura stimato":"2 minuti"},"schema":{"@context":"https:\/\/schema.org","@graph":[{"@type":"WebPage","@id":"https:\/\/studiogrigoletto.com\/?page_id=224","url":"https:\/\/studiogrigoletto.com\/?page_id=224","name":"SICUREZZA CANTIERI - Studio Tecnico Grigoletto","isPartOf":{"@id":"https:\/\/studiogrigoletto.com\/#website"},"primaryImageOfPage":{"@id":"https:\/\/studiogrigoletto.com\/?page_id=224#primaryimage"},"image":{"@id":"https:\/\/studiogrigoletto.com\/?page_id=224#primaryimage"},"thumbnailUrl":"http:\/\/studiogrigoletto.com\/wp-content\/uploads\/2020\/05\/SICUREZZA-CANTIERI-OK.jpg","datePublished":"2020-05-13T21:44:00+00:00","dateModified":"2024-09-27T21:32:30+00:00","breadcrumb":{"@id":"https:\/\/studiogrigoletto.com\/?page_id=224#breadcrumb"},"inLanguage":"it-IT","potentialAction":[{"@type":"ReadAction","target":["https:\/\/studiogrigoletto.com\/?page_id=224"]}]},{"@type":"ImageObject","inLanguage":"it-IT","@id":"https:\/\/studiogrigoletto.com\/?page_id=224#primaryimage","url":"https:\/\/studiogrigoletto.com\/wp-content\/uploads\/2020\/05\/SICUREZZA-CANTIERI-OK.jpg","contentUrl":"https:\/\/studiogrigoletto.com\/wp-content\/uploads\/2020\/05\/SICUREZZA-CANTIERI-OK.jpg","width":772,"height":711,"caption":"sicurezza cantieri studio tecnico grigoletto"},{"@type":"BreadcrumbList","@id":"https:\/\/studiogrigoletto.com\/?page_id=224#breadcrumb","itemListElement":[{"@type":"ListItem","position":1,"name":"Home","item":"https:\/\/studiogrigoletto.com\/"},{"@type":"ListItem","position":2,"name":"SICUREZZA CANTIERI"}]},{"@type":"WebSite","@id":"https:\/\/studiogrigoletto.com\/#website","url":"https:\/\/studiogrigoletto.com\/","name":"Studio Tecnico Grigoletto","description":"","publisher":{"@id":"https:\/\/studiogrigoletto.com\/#organization"},"potentialAction":[{"@type":"SearchAction","target":{"@type":"EntryPoint","urlTemplate":"https:\/\/studiogrigoletto.com\/?s={search_term_string}"},"query-input":{"@type":"PropertyValueSpecification","valueRequired":true,"valueName":"search_term_string"}}],"inLanguage":"it-IT"},{"@type":"Organization","@id":"https:\/\/studiogrigoletto.com\/#organization","name":"Studio Tecnico Grigoletto","url":"https:\/\/studiogrigoletto.com\/","logo":{"@type":"ImageObject","inLanguage":"it-IT","@id":"https:\/\/studiogrigoletto.com\/#\/schema\/logo\/image\/","url":"https:\/\/studiogrigoletto.com\/wp-content\/uploads\/2020\/05\/cropped-NUOVO-LOGO-2.jpg","contentUrl":"https:\/\/studiogrigoletto.com\/wp-content\/uploads\/2020\/05\/cropped-NUOVO-LOGO-2.jpg","width":1033,"height":216,"caption":"Studio Tecnico Grigoletto"},"image":{"@id":"https:\/\/studiogrigoletto.com\/#\/schema\/logo\/image\/"}}]}},"_links":{"self":[{"href":"https:\/\/studiogrigoletto.com\/index.php?rest_route=\/wp\/v2\/pages\/224"}],"collection":[{"href":"https:\/\/studiogrigoletto.com\/index.php?rest_route=\/wp\/v2\/pages"}],"about":[{"href":"https:\/\/studiogrigoletto.com\/index.php?rest_route=\/wp\/v2\/types\/page"}],"author":[{"embeddable":true,"href":"https:\/\/studiogrigoletto.com\/index.php?rest_route=\/wp\/v2\/users\/1"}],"replies":[{"embeddable":true,"href":"https:\/\/studiogrigoletto.com\/index.php?rest_route=%2Fwp%2Fv2%2Fcomments&post=224"}],"version-history":[{"count":3,"href":"https:\/\/studiogrigoletto.com\/index.php?rest_route=\/wp\/v2\/pages\/224\/revisions"}],"predecessor-version":[{"id":419,"href":"https:\/\/studiogrigoletto.com\/index.php?rest_route=\/wp\/v2\/pages\/224\/revisions\/419"}],"wp:attachment":[{"href":"https:\/\/studiogrigoletto.com\/index.php?rest_route=%2Fwp%2Fv2%2Fmedia&parent=224"}],"curies":[{"name":"wp","href":"https:\/\/api.w.org\/{rel}","templated":true}]}}