{"id":107,"date":"2020-05-08T16:45:56","date_gmt":"2020-05-08T16:45:56","guid":{"rendered":"http:\/\/studiogrigoletto.com\/?page_id=107"},"modified":"2024-09-27T21:32:11","modified_gmt":"2024-09-27T21:32:11","slug":"progettazione-impiantistica-da-fonti-rinnovabili","status":"publish","type":"page","link":"https:\/\/studiogrigoletto.com\/?page_id=107","title":{"rendered":"PROGETTAZIONE IMPIANTISTICA DA FONTI RINNOVABILI"},"content":{"rendered":"\n<div style=\"height:20px\" aria-hidden=\"true\" class=\"wp-block-spacer\"><\/div>\n\n\n\n<div style=\"height:20px\" aria-hidden=\"true\" class=\"wp-block-spacer\"><\/div>\n\n\n\n<div class=\"wp-block-media-text alignwide is-stacked-on-mobile\" style=\"grid-template-columns:31% auto\"><figure class=\"wp-block-media-text__media\"><img loading=\"lazy\" decoding=\"async\" width=\"658\" height=\"657\" src=\"http:\/\/studiogrigoletto.com\/wp-content\/uploads\/2020\/05\/FONTI-RINNOVABILI-OK.jpg\" alt=\"\" class=\"wp-image-281\" srcset=\"https:\/\/studiogrigoletto.com\/wp-content\/uploads\/2020\/05\/FONTI-RINNOVABILI-OK.jpg 658w, https:\/\/studiogrigoletto.com\/wp-content\/uploads\/2020\/05\/FONTI-RINNOVABILI-OK-300x300.jpg 300w, https:\/\/studiogrigoletto.com\/wp-content\/uploads\/2020\/05\/FONTI-RINNOVABILI-OK-150x150.jpg 150w\" sizes=\"(max-width: 658px) 100vw, 658px\" \/><\/figure><div class=\"wp-block-media-text__content\">\n<div class=\"wp-block-group has-very-dark-gray-color has-text-color\"><div class=\"wp-block-group__inner-container is-layout-flow wp-block-group-is-layout-flow\">\n<p>Lo Studio Tecnico Grigoletto \u00e8 in grado di eseguire consulenze tecniche e progettazione integrata di<\/p>\n\n\n\n<p>impianti da fonti rinnovabili nelle soluzioni impiantistiche che pi\u00f9 si conface alle esigenze del committente.<\/p>\n\n\n\n<p>Si fa presente che tutti gli impianti da fonti rinnovabili, allo stato attuale, ha la possibilit\u00e0 di usufruire di incentivi statali.<\/p>\n\n\n\n<p>Di seguito elenchiamo gli impianti da fonti rinnovabili, nei quali lo Studio Tecnico Grigoletto ha maturato una esperienza decennale.<\/p>\n<\/div><\/div>\n<\/div><\/div>\n\n\n\n<p style=\"color:#000000\" class=\"has-text-color\"><strong>Impianti Solari termici:<\/strong><\/p>\n\n\n\n<p style=\"color:#000000\" class=\"has-text-color\">Gli impianti solari termici sono dispositivi che permettono di catturare l\u2019energia solare, immagazzinarla ed usarla nelle maniere pi\u00f9 svariate, in particolare ai fini del riscaldamento dell\u2019acqua corrente in sostituzione delle caldaie alimentate tramite gas naturale.<br>Un impianto solare standard consente di risparmiare fino all\u201980% dell\u2019energia necessaria per la preparazione di acqua calda sanitaria e fino al 50% della domanda complessiva di calore per l\u2019acqua calda per il riscaldamento degli ambienti. Una volta ammortizzata la spesa dell\u2019impianto si avr\u00e0 acqua calda gratuita.<\/p>\n\n\n\n<div class=\"wp-block-group has-very-dark-gray-color has-text-color\"><div class=\"wp-block-group__inner-container is-layout-flow wp-block-group-is-layout-flow\">\n<p>Tre tipi di impianti:<\/p>\n\n\n\n<ul class=\"wp-block-list\"><li>a circolazione naturale: l\u2019acqua riscaldandosi sale per convezione in un serbatoio di accumulo ad un livello pi\u00f9 alto del pannello, dal quale viene distribuito alle utenze; il circuito \u00e8 aperto: l\u2019acqua consumata viene sostituita dall\u2019afflusso esterno. Questo impianto ha per pregio la semplicit\u00e0, ma \u00e8 caratterizzato da una elevata dispersione termica, a scapito della efficienza;<\/li><li>a circolazione forzata: una pompa, permette la cessione del calore raccolto dal fluido, alla serpentina posta all\u2019interno del serbatoio. Il circuito \u00e8 notevolmente pi\u00f9 complesso di consumo maggiore (pompa e centralina di controllo), ma ha una efficienza termica ben pi\u00f9 elevata, con minor dispersione termica;<\/li><li>a svuotamento: il sistema \u00e8 analogo al quello a circolazione forzata, ma l\u2019impianto viene riempito e pertanto utilizzato esclusivamente quando \u00e8 necessario o possibile. Permette di aumentare il numero dei collettori solari. Unico vincolo risiede nella necessit\u00e0 di avere una pendenza minima tra il collettore e il serbatoio di raccolta.<\/li><\/ul>\n\n\n\n<p><strong>Impianti Geotermici :<\/strong><\/p>\n\n\n\n<p>L\u2019energia geotermica \u00e8 una forma di energia alternativa e rinnovabile che si basa sullo sfruttamento del calore naturale della Terra.<\/p>\n\n\n\n<p>L\u2019evoluzione tecnologica degli ultimi anni rende possibile integrare il comfort dell\u2019ambiente con un netto risparmio energetico.<br>Ma massa volumica termica sottostante, sommata alla radiazione solare che cede la sua energia sotto forma di calore (entalpia) all\u2019ambiente, vengono immagazzinate allo stesso tempo all\u2019interno della terra in enormi quantit\u00e0 di calore, continuamente rinnovate da enormi processi geologici.<\/p>\n\n\n\n<p>Viviamo e camminiamo su quantit\u00e0 di energia inesauribile, gratuita, rinnovabile, ecocompatibile e a disposizione 365 giorni l\u2019anno.<br>La geotermia a bassa entalpia sfrutta questo calore \u201cgratuito\u201d per la climatizzazione invernale ed estiva degli edifici estraendolo dal sottosuolo e cedendolo successivamente tramite una pompa di calore che, con un limitato consumo energetico, lo incrementa ulteriormente (sfrutta il principio di compressione ed evaporazione di un fluido per trasferire calore da un corpo freddo ad uno caldo). Raggiunta la temperatura, viene distribuita all\u2019edificio da riscaldare attraverso impianti a bassa\/media temperatura. Lo stesso processo, ma inverso, avviene durante il periodo estivo per raffrescare i locali.<\/p>\n\n\n\n<p>Durante tutto l\u2019anno si riesce a produrre e a soddisfare anche l\u2019intero fabbisogno di acqua calda sanitaria per coprire l\u2019intero fabbisogno.<\/p>\n\n\n\n<p>La realizzazione di un impianto di climatizzazione invernale ed estiva di tipo geotermico integrato, \u00e8 senz\u2019altro una soluzione conveniente, che comporta un minor tempo di ammortamento del costo dell\u2019impianto.<\/p>\n\n\n\n<p><strong>Impianti con l\u2019utilizzo di Pompe di Calore :<\/strong><\/p>\n\n\n\n<p>La pompa di calore \u00e8 una macchina a ciclo inverso in grado di rendere disponibile una fonte energetica quale energia termica ad una temperatura pi\u00f9 alta rispetto al bacino termico da cui attinge.<\/p>\n\n\n\n<p>Questa fonte energetica viene utilizza per la produzione di energia termica a scopo riscaldamento. Le pompe di calore normalmente sono distinte in due tipi, quelle aria \/ aria e quelle aria \/ acqua.<\/p>\n\n\n\n<p>Lo scambio termico avviene in due distinti scambiatori in cui la macchina scambia con fluidi esterni ( aria o acqua )<\/p>\n\n\n\n<p>L\u2019installazione di una pompa di calore in edifici particolarmente isolati e dotati di impianti a bassa temperatura in sostituzione di una classica caldaia comporta degli ottimi vantaggi economici e non quali :<\/p>\n\n\n\n<ul class=\"wp-block-list\"><li>La possibilit\u00e0 di produrre sia il calore per l\u2019inverno, sia il fresco per l\u2019estate, sia l\u2019acqua calda sanitaria, il tutto con un unico impianto;<\/li><li>Usa una tecnologia ben conosciuta e presente da 40 anni;<\/li><li>Rispetta l\u2019ambiente non emette CO2 o fumi nell\u2019ambiente, contribuendo al rallentamento dell\u2019effetto serra ed i nostri monumenti dalle piogge acide;<\/li><li>L\u2019 eliminazione della canna fumaria;<\/li><li>IL comfort ambientale grazie ad un sistema di climatizzazione a bassa temperatura;<\/li><li>L\u2019eliminazione di tutte le relative pratiche burocratiche per gli impianti a Gas;<br><br><\/li><\/ul>\n\n\n\n<p><strong>Impianti con l\u2019utilizzo di generatore di calore a biomassa :<\/strong><\/p>\n\n\n\n<p>Gli impianti a biomassa sono quegli impianti che utilizzano i materiali di origine organica (vegetale o animale) i quali sono utilizzati per la produzione di energia.<\/p>\n\n\n\n<p>La bibbliofia scientifica ci dice che questa tecnologia non comporta un aumento di anidride carbonica nell\u2019atmosfera, in quanto la CO2 emessa per produrre energia \u00e8 la stessa che i combustibili hanno assorbito per svilupparsi.<br>Le caldaie a biomassa bruciando materiali vegetali trasformandoli in energia termica utilizzata per gli impianti di riscaldamento.<\/p>\n\n\n\n<p>I vantaggi delle caldaie a biomassa sono il minor inquinamento con un alto rendimento calorico, la facile manutenzione, il basso impatto per il trasporto del combustibile organico in quanto solitamente la vicinanza fra la sede di raccolta e i luoghi di utilizzo \u00e8 minima.<\/p>\n\n\n\n<p><strong>Impianti Fotovoltaici :<\/strong><\/p>\n\n\n\n<p>Gli impianti fotovoltaici traggono energia elettrica direttamente dai raggi solari con cui il sole irraggia ed illumina dell\u2019ambiente<\/p>\n\n\n\n<p>Generalmente per impianti di piccola potenza si preferisce l\u2019installazione sulla copertura dello stabile, nulla vieta il posizionamento a terra ( soluzione usata per grandi \/ grandissimi impianti )<\/p>\n\n\n\n<p>Gli impianti si distinguono in impianti di tipo Stand Alone e impianti di tipo ad accumulo<\/p>\n\n\n\n<p>L\u2019energia \/ potenza elettrica generata viene usata istantaneamente o accumulata su dedicati pacchi batterie in quali rilasciano la potenza immagazzinata alla richiesta dell\u2019edificio riducendo o annullando il prelievo dalla rete elettrica, diminuendo quindi sostanzialmente la spesa energetica L\u2019eventuale presenza di un accumulo d\u2019acqua, porta alla possibilit\u00e0 di immagazzinare l\u2019energia prodotta in eccesso sotto forma di energia termica riutilizzabile nei momenti di richiesta postuma.<\/p>\n<\/div><\/div>\n","protected":false},"excerpt":{"rendered":"<p>Impianti Solari termici: Gli impianti solari termici sono dispositivi che permettono di catturare l\u2019energia solare, immagazzinarla ed usarla nelle maniere pi\u00f9 svariate, in particolare ai fini del riscaldamento dell\u2019acqua corrente &#8230;<\/p>\n","protected":false},"author":1,"featured_media":0,"parent":0,"menu_order":0,"comment_status":"closed","ping_status":"closed","template":"","meta":{"footnotes":""},"class_list":["post-107","page","type-page","status-publish","hentry"],"yoast_head":"<!-- This site is optimized with the Yoast SEO plugin v23.5 - https:\/\/yoast.com\/wordpress\/plugins\/seo\/ -->\n<title>PROGETTAZIONE IMPIANTISTICA DA FONTI RINNOVABILI - Studio Tecnico Grigoletto<\/title>\n<meta name=\"robots\" content=\"index, follow, max-snippet:-1, max-image-preview:large, max-video-preview:-1\" \/>\n<link rel=\"canonical\" href=\"http:\/\/studiogrigoletto.com\/?page_id=107\" \/>\n<meta property=\"og:locale\" content=\"it_IT\" \/>\n<meta property=\"og:type\" content=\"article\" \/>\n<meta property=\"og:title\" content=\"PROGETTAZIONE IMPIANTISTICA DA FONTI RINNOVABILI - Studio Tecnico Grigoletto\" \/>\n<meta property=\"og:description\" content=\"Impianti Solari termici: Gli impianti solari termici sono dispositivi che permettono di catturare l\u2019energia solare, immagazzinarla ed usarla nelle maniere pi\u00f9 svariate, in particolare ai fini del riscaldamento dell\u2019acqua corrente ...\" \/>\n<meta property=\"og:url\" content=\"http:\/\/studiogrigoletto.com\/?page_id=107\" \/>\n<meta property=\"og:site_name\" content=\"Studio Tecnico Grigoletto\" \/>\n<meta property=\"article:modified_time\" content=\"2024-09-27T21:32:11+00:00\" \/>\n<meta property=\"og:image\" content=\"http:\/\/studiogrigoletto.com\/wp-content\/uploads\/2020\/05\/FONTI-RINNOVABILI-OK.jpg\" \/>\n<meta name=\"twitter:card\" content=\"summary_large_image\" \/>\n<meta name=\"twitter:label1\" content=\"Tempo di lettura stimato\" \/>\n\t<meta name=\"twitter:data1\" content=\"6 minuti\" \/>\n<script type=\"application\/ld+json\" class=\"yoast-schema-graph\">{\"@context\":\"https:\/\/schema.org\",\"@graph\":[{\"@type\":\"WebPage\",\"@id\":\"http:\/\/studiogrigoletto.com\/?page_id=107\",\"url\":\"http:\/\/studiogrigoletto.com\/?page_id=107\",\"name\":\"PROGETTAZIONE IMPIANTISTICA DA FONTI RINNOVABILI - Studio Tecnico Grigoletto\",\"isPartOf\":{\"@id\":\"https:\/\/studiogrigoletto.com\/#website\"},\"primaryImageOfPage\":{\"@id\":\"http:\/\/studiogrigoletto.com\/?page_id=107#primaryimage\"},\"image\":{\"@id\":\"http:\/\/studiogrigoletto.com\/?page_id=107#primaryimage\"},\"thumbnailUrl\":\"http:\/\/studiogrigoletto.com\/wp-content\/uploads\/2020\/05\/FONTI-RINNOVABILI-OK.jpg\",\"datePublished\":\"2020-05-08T16:45:56+00:00\",\"dateModified\":\"2024-09-27T21:32:11+00:00\",\"breadcrumb\":{\"@id\":\"http:\/\/studiogrigoletto.com\/?page_id=107#breadcrumb\"},\"inLanguage\":\"it-IT\",\"potentialAction\":[{\"@type\":\"ReadAction\",\"target\":[\"http:\/\/studiogrigoletto.com\/?page_id=107\"]}]},{\"@type\":\"ImageObject\",\"inLanguage\":\"it-IT\",\"@id\":\"http:\/\/studiogrigoletto.com\/?page_id=107#primaryimage\",\"url\":\"https:\/\/studiogrigoletto.com\/wp-content\/uploads\/2020\/05\/FONTI-RINNOVABILI-OK.jpg\",\"contentUrl\":\"https:\/\/studiogrigoletto.com\/wp-content\/uploads\/2020\/05\/FONTI-RINNOVABILI-OK.jpg\",\"width\":658,\"height\":657},{\"@type\":\"BreadcrumbList\",\"@id\":\"http:\/\/studiogrigoletto.com\/?page_id=107#breadcrumb\",\"itemListElement\":[{\"@type\":\"ListItem\",\"position\":1,\"name\":\"Home\",\"item\":\"https:\/\/studiogrigoletto.com\/\"},{\"@type\":\"ListItem\",\"position\":2,\"name\":\"PROGETTAZIONE IMPIANTISTICA DA FONTI RINNOVABILI\"}]},{\"@type\":\"WebSite\",\"@id\":\"https:\/\/studiogrigoletto.com\/#website\",\"url\":\"https:\/\/studiogrigoletto.com\/\",\"name\":\"Studio Tecnico Grigoletto\",\"description\":\"\",\"publisher\":{\"@id\":\"https:\/\/studiogrigoletto.com\/#organization\"},\"potentialAction\":[{\"@type\":\"SearchAction\",\"target\":{\"@type\":\"EntryPoint\",\"urlTemplate\":\"https:\/\/studiogrigoletto.com\/?s={search_term_string}\"},\"query-input\":{\"@type\":\"PropertyValueSpecification\",\"valueRequired\":true,\"valueName\":\"search_term_string\"}}],\"inLanguage\":\"it-IT\"},{\"@type\":\"Organization\",\"@id\":\"https:\/\/studiogrigoletto.com\/#organization\",\"name\":\"Studio Tecnico Grigoletto\",\"url\":\"https:\/\/studiogrigoletto.com\/\",\"logo\":{\"@type\":\"ImageObject\",\"inLanguage\":\"it-IT\",\"@id\":\"https:\/\/studiogrigoletto.com\/#\/schema\/logo\/image\/\",\"url\":\"https:\/\/studiogrigoletto.com\/wp-content\/uploads\/2020\/05\/cropped-NUOVO-LOGO-2.jpg\",\"contentUrl\":\"https:\/\/studiogrigoletto.com\/wp-content\/uploads\/2020\/05\/cropped-NUOVO-LOGO-2.jpg\",\"width\":1033,\"height\":216,\"caption\":\"Studio Tecnico Grigoletto\"},\"image\":{\"@id\":\"https:\/\/studiogrigoletto.com\/#\/schema\/logo\/image\/\"}}]}<\/script>\n<!-- \/ Yoast SEO plugin. -->","yoast_head_json":{"title":"PROGETTAZIONE IMPIANTISTICA DA FONTI RINNOVABILI - Studio Tecnico Grigoletto","robots":{"index":"index","follow":"follow","max-snippet":"max-snippet:-1","max-image-preview":"max-image-preview:large","max-video-preview":"max-video-preview:-1"},"canonical":"http:\/\/studiogrigoletto.com\/?page_id=107","og_locale":"it_IT","og_type":"article","og_title":"PROGETTAZIONE IMPIANTISTICA DA FONTI RINNOVABILI - Studio Tecnico Grigoletto","og_description":"Impianti Solari termici: Gli impianti solari termici sono dispositivi che permettono di catturare l\u2019energia solare, immagazzinarla ed usarla nelle maniere pi\u00f9 svariate, in particolare ai fini del riscaldamento dell\u2019acqua corrente ...","og_url":"http:\/\/studiogrigoletto.com\/?page_id=107","og_site_name":"Studio Tecnico Grigoletto","article_modified_time":"2024-09-27T21:32:11+00:00","og_image":[{"url":"http:\/\/studiogrigoletto.com\/wp-content\/uploads\/2020\/05\/FONTI-RINNOVABILI-OK.jpg"}],"twitter_card":"summary_large_image","twitter_misc":{"Tempo di lettura stimato":"6 minuti"},"schema":{"@context":"https:\/\/schema.org","@graph":[{"@type":"WebPage","@id":"http:\/\/studiogrigoletto.com\/?page_id=107","url":"http:\/\/studiogrigoletto.com\/?page_id=107","name":"PROGETTAZIONE IMPIANTISTICA DA FONTI RINNOVABILI - Studio Tecnico Grigoletto","isPartOf":{"@id":"https:\/\/studiogrigoletto.com\/#website"},"primaryImageOfPage":{"@id":"http:\/\/studiogrigoletto.com\/?page_id=107#primaryimage"},"image":{"@id":"http:\/\/studiogrigoletto.com\/?page_id=107#primaryimage"},"thumbnailUrl":"http:\/\/studiogrigoletto.com\/wp-content\/uploads\/2020\/05\/FONTI-RINNOVABILI-OK.jpg","datePublished":"2020-05-08T16:45:56+00:00","dateModified":"2024-09-27T21:32:11+00:00","breadcrumb":{"@id":"http:\/\/studiogrigoletto.com\/?page_id=107#breadcrumb"},"inLanguage":"it-IT","potentialAction":[{"@type":"ReadAction","target":["http:\/\/studiogrigoletto.com\/?page_id=107"]}]},{"@type":"ImageObject","inLanguage":"it-IT","@id":"http:\/\/studiogrigoletto.com\/?page_id=107#primaryimage","url":"https:\/\/studiogrigoletto.com\/wp-content\/uploads\/2020\/05\/FONTI-RINNOVABILI-OK.jpg","contentUrl":"https:\/\/studiogrigoletto.com\/wp-content\/uploads\/2020\/05\/FONTI-RINNOVABILI-OK.jpg","width":658,"height":657},{"@type":"BreadcrumbList","@id":"http:\/\/studiogrigoletto.com\/?page_id=107#breadcrumb","itemListElement":[{"@type":"ListItem","position":1,"name":"Home","item":"https:\/\/studiogrigoletto.com\/"},{"@type":"ListItem","position":2,"name":"PROGETTAZIONE IMPIANTISTICA DA FONTI RINNOVABILI"}]},{"@type":"WebSite","@id":"https:\/\/studiogrigoletto.com\/#website","url":"https:\/\/studiogrigoletto.com\/","name":"Studio Tecnico Grigoletto","description":"","publisher":{"@id":"https:\/\/studiogrigoletto.com\/#organization"},"potentialAction":[{"@type":"SearchAction","target":{"@type":"EntryPoint","urlTemplate":"https:\/\/studiogrigoletto.com\/?s={search_term_string}"},"query-input":{"@type":"PropertyValueSpecification","valueRequired":true,"valueName":"search_term_string"}}],"inLanguage":"it-IT"},{"@type":"Organization","@id":"https:\/\/studiogrigoletto.com\/#organization","name":"Studio Tecnico Grigoletto","url":"https:\/\/studiogrigoletto.com\/","logo":{"@type":"ImageObject","inLanguage":"it-IT","@id":"https:\/\/studiogrigoletto.com\/#\/schema\/logo\/image\/","url":"https:\/\/studiogrigoletto.com\/wp-content\/uploads\/2020\/05\/cropped-NUOVO-LOGO-2.jpg","contentUrl":"https:\/\/studiogrigoletto.com\/wp-content\/uploads\/2020\/05\/cropped-NUOVO-LOGO-2.jpg","width":1033,"height":216,"caption":"Studio Tecnico Grigoletto"},"image":{"@id":"https:\/\/studiogrigoletto.com\/#\/schema\/logo\/image\/"}}]}},"_links":{"self":[{"href":"https:\/\/studiogrigoletto.com\/index.php?rest_route=\/wp\/v2\/pages\/107"}],"collection":[{"href":"https:\/\/studiogrigoletto.com\/index.php?rest_route=\/wp\/v2\/pages"}],"about":[{"href":"https:\/\/studiogrigoletto.com\/index.php?rest_route=\/wp\/v2\/types\/page"}],"author":[{"embeddable":true,"href":"https:\/\/studiogrigoletto.com\/index.php?rest_route=\/wp\/v2\/users\/1"}],"replies":[{"embeddable":true,"href":"https:\/\/studiogrigoletto.com\/index.php?rest_route=%2Fwp%2Fv2%2Fcomments&post=107"}],"version-history":[{"count":5,"href":"https:\/\/studiogrigoletto.com\/index.php?rest_route=\/wp\/v2\/pages\/107\/revisions"}],"predecessor-version":[{"id":392,"href":"https:\/\/studiogrigoletto.com\/index.php?rest_route=\/wp\/v2\/pages\/107\/revisions\/392"}],"wp:attachment":[{"href":"https:\/\/studiogrigoletto.com\/index.php?rest_route=%2Fwp%2Fv2%2Fmedia&parent=107"}],"curies":[{"name":"wp","href":"https:\/\/api.w.org\/{rel}","templated":true}]}}